{"id":886,"date":"2016-12-05T13:05:47","date_gmt":"2016-12-05T12:05:47","guid":{"rendered":"http:\/\/willem.aandewiel.nl\/?page_id=886"},"modified":"2019-01-04T16:33:17","modified_gmt":"2019-01-04T15:33:17","slug":"boekbespreking","status":"publish","type":"page","link":"https:\/\/willem.aandewiel.nl\/index.php\/boekbespreking\/","title":{"rendered":"Boekbespreking"},"content":{"rendered":"<h1>Zelf Draadloze Sensoren maken met Microprocessoren en Arduino<\/h1>\n<p>42,835 keer bekeken \/ views<br \/>\n<\/br><br \/>\nDit is een boek waarin je leest hoe je zelf draadloze sensoren kunt maken en hoe je de signalen ervan kunt opvangen en verwerken. Dit kun je bijvoorbeeld gebruiken om lampen aan- of uit- te zetten of om data te verzamelen. Om de sensoren zo klein en energie zuinig mogelijk te maken, worden ze gebouwd met kleine microprocessoren (van Atmel).<br \/>\n<a href=\"https:\/\/willem.aandewiel.nl\/wp-content\/uploads\/2016\/12\/PCB-3D.png\"><img decoding=\"async\" src=\"https:\/\/willem.aandewiel.nl\/wp-content\/uploads\/2016\/12\/PCB-3D.png\" alt=\"PCB\" width=\"224\" class=\"alignright size-full wp-image-916\" \/><\/a><br \/>\nDe modules om de gegevens op te vangen en te verwerken worden met krachtigere Arduino, Pro Trinket of Teensy boardjes gemaakt.<br \/>\nEr is over dit onderwerp veel te vinden op het World Wide Web, maar deze informatie is \u00f3f te technisch \u00f3f gaat van heel veel voorkennis uit \u00f3f gaat alleen over de hardware \u00f3f juist alleen over de software. Voor de meeste hobbyisten is deze informatie vaak te versnipperd en niet toereikend.<br \/>\n<a href=\"https:\/\/willem.aandewiel.nl\/wp-content\/uploads\/2016\/12\/DHTsensorModule3.jpg\"><img decoding=\"async\" class=\"aligncenter wp-image-892\" src=\"https:\/\/willem.aandewiel.nl\/wp-content\/uploads\/2016\/12\/DHTsensorModule3.jpg\" width=\"300\" \/><\/a><br \/>\nIn dit boek worden de belangrijkste aspecten van draadloze Sensor-modules uitgelegd waarbij gebruik wordt gemaakt van goedkope, eenvoudig te verkrijgen onderdelen en software.<br \/>\n<a href=\"https:\/\/willem.aandewiel.nl\/wp-content\/uploads\/2016\/12\/PulseTrain-white.bmp\"><img loading=\"lazy\" decoding=\"async\" src=\"https:\/\/willem.aandewiel.nl\/wp-content\/uploads\/2016\/12\/PulseTrain-white.bmp\" alt=\"\" width=\"300\" height=\"219\" class=\"alignright size-medium wp-image-922\" \/><\/a>Voor reverse engineering van protocollen en om tijdkritische zaken te bestuderen, worden de screenshots van een oscilloscoop getoond zodat je inzicht krijgt in deze zaken. Hierdoor hoeft je deze metingen niet na te doen en je hebt dus ook geen dure apparatuur nodig om de ontwerpen uit dit boek te kunnen begrijpen.<\/p>\n<h2>Voorkennis<\/h2>\n<p>Het boek gaat ervan uit dat de lezer basiskennis heeft van de Arduino IDE en met \u00e9\u00e9n of meer Arduino boards (zoals de UNO, Genuine Mega, Leonardo). Ook gaat het boek ervan uit dat de lezer ervaring heeft met het pro\u00adgram\u00admeren van de Arduino boards. Dit kan bestaan uit het uitproberen, en liefst ook aanpassen, van de voorbeeld program\u00adma\u2019s die meegeleverd worden met de Arduino\u00a0IDE. Nog mooier is het als de lezer ervaring heeft met het zelfstandig ontwikkelen van (eenvoudige) programma\u2019s binnen het Arduino eco-systeem.<br \/>\nHet boek is z\u00e9ker geen cursus C of C++, daar zijn voldoende andere boeken over geschreven. Wel wordt het gebruik van macro&#8217;s aangestipt.<br \/>\nJe kunt het boek via <em>www&middot;boekenbestellen&middot;nl<\/em> bestellen door op de knop<br \/>\n<a href=\"https:\/\/www.boekenbestellen.nl\/boek\/zelf-draadloze-sensoren-maken-met-microprocessoren-en-arduino\/9789463450270\" target=\"_blank\" rel=\"nofollow\"><img decoding=\"async\" src=\"https:\/\/www.boekenbestellen.nl\/open-social\/website\/buynow\/btn_buynow_k_blue.png\" border=\"0\" style=\"cursor:pointer\"><\/a><br \/>\nte klikken.<br \/>\n<a href=\"https:\/\/willem.aandewiel.nl\/wp-content\/uploads\/2016\/12\/LAB_3-small.jpg\"><img loading=\"lazy\" decoding=\"async\" class=\"aligncenter wp-image-893 size-full\" src=\"https:\/\/willem.aandewiel.nl\/wp-content\/uploads\/2016\/12\/LAB_3-small.jpg\" width=\"1632\" height=\"1224\" \/><\/a><br \/>\nthis is where the magic happens<\/p>\n","protected":false},"excerpt":{"rendered":"<p>Zelf Draadloze Sensoren maken met Microprocessoren en Arduino Dit is een boek waarin je leest hoe je zelf draadloze sensoren kunt maken en hoe je de signalen ervan kunt opvangen en verwerken. Dit kun je bijvoorbeeld gebruiken om lampen aan- &hellip; <a href=\"https:\/\/willem.aandewiel.nl\/index.php\/boekbespreking\/\">Continue reading <span class=\"meta-nav\">&rarr;<\/span><\/a><\/p>\n","protected":false},"author":2,"featured_media":0,"parent":0,"menu_order":0,"comment_status":"open","ping_status":"open","template":"","meta":{"footnotes":""},"class_list":["post-886","page","type-page","status-publish","hentry"],"_links":{"self":[{"href":"https:\/\/willem.aandewiel.nl\/index.php\/wp-json\/wp\/v2\/pages\/886","targetHints":{"allow":["GET"]}}],"collection":[{"href":"https:\/\/willem.aandewiel.nl\/index.php\/wp-json\/wp\/v2\/pages"}],"about":[{"href":"https:\/\/willem.aandewiel.nl\/index.php\/wp-json\/wp\/v2\/types\/page"}],"author":[{"embeddable":true,"href":"https:\/\/willem.aandewiel.nl\/index.php\/wp-json\/wp\/v2\/users\/2"}],"replies":[{"embeddable":true,"href":"https:\/\/willem.aandewiel.nl\/index.php\/wp-json\/wp\/v2\/comments?post=886"}],"version-history":[{"count":1,"href":"https:\/\/willem.aandewiel.nl\/index.php\/wp-json\/wp\/v2\/pages\/886\/revisions"}],"predecessor-version":[{"id":1590,"href":"https:\/\/willem.aandewiel.nl\/index.php\/wp-json\/wp\/v2\/pages\/886\/revisions\/1590"}],"wp:attachment":[{"href":"https:\/\/willem.aandewiel.nl\/index.php\/wp-json\/wp\/v2\/media?parent=886"}],"curies":[{"name":"wp","href":"https:\/\/api.w.org\/{rel}","templated":true}]}}